{"id":7,"date":"2023-01-08T11:59:15","date_gmt":"2023-01-08T10:59:15","guid":{"rendered":"https:\/\/krystian-surowiec.profesjonalnyprogramista.pl\/index.php\/blog\/"},"modified":"2023-07-28T13:11:15","modified_gmt":"2023-07-28T11:11:15","slug":"blog","status":"publish","type":"page","link":"https:\/\/krystian-surowiec.profesjonalnyprogramista.pl\/","title":{"rendered":"O MNIE"},"content":{"rendered":"\n<p class=\"has-text-align-center\"><strong>Jestem uczestnikiem kursu <a rel=\"noreferrer noopener\" href=\"https:\/\/projekt.przyszlyprogramista.pl\/\" target=\"_blank\">Projekt Przysz\u0142y Programista<\/a>.<\/strong> <\/p>\n\n\n\n<p class=\"has-text-align-center\"><strong>Specjalizuj\u0119 si\u0119 w pisaniu aplikacji internetowych opartych na frameworkach  MVC t.j. <a href=\"https:\/\/symfony.com\/\" data-type=\"URL\" data-id=\"https:\/\/symfony.com\/\">Symfony<\/a>.<\/strong> <strong>Posiadam podstawowe umiej\u0119tno\u015bci full-stack developera, pisz\u0105c front-end oraz back-end do wydanych <\/strong><br><strong>przeze mnie aplikacji.<\/strong><\/p>\n\n\n\n<p class=\"has-text-align-center\"><strong>Umiej\u0119tno\u015bci programowania na przyk\u0142adzie aplikacji <\/strong><a href=\"https:\/\/krystian-surowiec.profesjonalnyprogramista.pl\/?page_id=30\" data-type=\"URL\" data-id=\"https:\/\/krystian-surowiec.profesjonalnyprogramista.pl\/?page_id=30\"><strong>Florian<\/strong><\/a> <strong>wykorzystuj\u0119 w Pa\u0144stwowej Stra\u017cy Po\u017carnej, u\u0142atwiaj\u0105c prac\u0119 funkcjonariuszy. <\/strong><\/p>\n\n\n\n<p class=\"has-text-align-center\"><strong>Nastawiony jestem na ci\u0105g\u0142y rozw\u00f3j i nauk\u0119.<\/strong><\/p>\n\n\n\n<p><\/p>\n","protected":false},"excerpt":{"rendered":"<p>Jestem uczestnikiem kursu Projekt Przysz\u0142y Programista. Specjalizuj\u0119 si\u0119 w pisaniu aplikacji internetowych opartych na frameworkach MVC t.j. Symfony. Posiadam podstawowe umiej\u0119tno\u015bci full-stack developera, pisz\u0105c front-end oraz back-end do wydanych przeze mnie aplikacji. Umiej\u0119tno\u015bci programowania na przyk\u0142adzie aplikacji Florian wykorzystuj\u0119 w Pa\u0144stwowej Stra\u017cy Po\u017carnej, u\u0142atwiaj\u0105c prac\u0119 funkcjonariuszy. Nastawiony jestem na ci\u0105g\u0142y rozw\u00f3j i nauk\u0119.<\/p>\n","protected":false},"author":1,"featured_media":0,"parent":0,"menu_order":0,"comment_status":"closed","ping_status":"closed","template":"","meta":{"footnotes":""},"class_list":["post-7","page","type-page","status-publish","hentry"],"_links":{"self":[{"href":"https:\/\/krystian-surowiec.profesjonalnyprogramista.pl\/index.php?rest_route=\/wp\/v2\/pages\/7","targetHints":{"allow":["GET"]}}],"collection":[{"href":"https:\/\/krystian-surowiec.profesjonalnyprogramista.pl\/index.php?rest_route=\/wp\/v2\/pages"}],"about":[{"href":"https:\/\/krystian-surowiec.profesjonalnyprogramista.pl\/index.php?rest_route=\/wp\/v2\/types\/page"}],"author":[{"embeddable":true,"href":"https:\/\/krystian-surowiec.profesjonalnyprogramista.pl\/index.php?rest_route=\/wp\/v2\/users\/1"}],"replies":[{"embeddable":true,"href":"https:\/\/krystian-surowiec.profesjonalnyprogramista.pl\/index.php?rest_route=%2Fwp%2Fv2%2Fcomments&post=7"}],"version-history":[{"count":18,"href":"https:\/\/krystian-surowiec.profesjonalnyprogramista.pl\/index.php?rest_route=\/wp\/v2\/pages\/7\/revisions"}],"predecessor-version":[{"id":175,"href":"https:\/\/krystian-surowiec.profesjonalnyprogramista.pl\/index.php?rest_route=\/wp\/v2\/pages\/7\/revisions\/175"}],"wp:attachment":[{"href":"https:\/\/krystian-surowiec.profesjonalnyprogramista.pl\/index.php?rest_route=%2Fwp%2Fv2%2Fmedia&parent=7"}],"curies":[{"name":"wp","href":"https:\/\/api.w.org\/{rel}","templated":true}]}}