{"id":6,"date":"2023-01-08T11:59:15","date_gmt":"2023-01-08T10:59:15","guid":{"rendered":"https:\/\/krystian-surowiec.profesjonalnyprogramista.pl\/index.php\/front-page\/"},"modified":"2023-09-19T08:23:55","modified_gmt":"2023-09-19T06:23:55","slug":"front-page","status":"publish","type":"page","link":"https:\/\/krystian-surowiec.profesjonalnyprogramista.pl\/?page_id=6","title":{"rendered":"POZNANE TECHNOLOGIE"},"content":{"rendered":"\n<ul class=\"wp-block-list\">\n<li>Symfony<\/li>\n\n\n\n<li>PHP<\/li>\n\n\n\n<li>React<\/li>\n\n\n\n<li>Bootstrap<\/li>\n\n\n\n<li>Twig<\/li>\n\n\n\n<li>Tailwindcss<\/li>\n\n\n\n<li>MySQL<\/li>\n\n\n\n<li>JavaScript<\/li>\n\n\n\n<li>HTML<\/li>\n\n\n\n<li>CSS<\/li>\n\n\n\n<li>Git<\/li>\n<\/ul>\n\n\n\n<ul class=\"wp-block-list\">\n<li>MVC<\/li>\n\n\n\n<li>OOP<\/li>\n<\/ul>\n\n\n\n<p>Podstawowa znajomo\u015b\u0107 j\u0119zyka C++<\/p>\n\n\n\n<p class=\"has-text-align-center\">Zapraszam do podstrony<strong> <a rel=\"noreferrer noopener\" href=\"https:\/\/krystian-surowiec.profesjonalnyprogramista.pl\/?page_id=29\" data-type=\"URL\" target=\"_blank\">PORTFOLIO<\/a><\/strong> w kt\u00f3rym prezentuj\u0119 napisane przeze mnie programy.<\/p>\n","protected":false},"excerpt":{"rendered":"<p>Podstawowa znajomo\u015b\u0107 j\u0119zyka C++ Zapraszam do podstrony PORTFOLIO w kt\u00f3rym prezentuj\u0119 napisane przeze mnie programy.<\/p>\n","protected":false},"author":1,"featured_media":0,"parent":0,"menu_order":0,"comment_status":"closed","ping_status":"closed","template":"","meta":{"footnotes":""},"class_list":["post-6","page","type-page","status-publish","hentry"],"_links":{"self":[{"href":"https:\/\/krystian-surowiec.profesjonalnyprogramista.pl\/index.php?rest_route=\/wp\/v2\/pages\/6","targetHints":{"allow":["GET"]}}],"collection":[{"href":"https:\/\/krystian-surowiec.profesjonalnyprogramista.pl\/index.php?rest_route=\/wp\/v2\/pages"}],"about":[{"href":"https:\/\/krystian-surowiec.profesjonalnyprogramista.pl\/index.php?rest_route=\/wp\/v2\/types\/page"}],"author":[{"embeddable":true,"href":"https:\/\/krystian-surowiec.profesjonalnyprogramista.pl\/index.php?rest_route=\/wp\/v2\/users\/1"}],"replies":[{"embeddable":true,"href":"https:\/\/krystian-surowiec.profesjonalnyprogramista.pl\/index.php?rest_route=%2Fwp%2Fv2%2Fcomments&post=6"}],"version-history":[{"count":25,"href":"https:\/\/krystian-surowiec.profesjonalnyprogramista.pl\/index.php?rest_route=\/wp\/v2\/pages\/6\/revisions"}],"predecessor-version":[{"id":190,"href":"https:\/\/krystian-surowiec.profesjonalnyprogramista.pl\/index.php?rest_route=\/wp\/v2\/pages\/6\/revisions\/190"}],"wp:attachment":[{"href":"https:\/\/krystian-surowiec.profesjonalnyprogramista.pl\/index.php?rest_route=%2Fwp%2Fv2%2Fmedia&parent=6"}],"curies":[{"name":"wp","href":"https:\/\/api.w.org\/{rel}","templated":true}]}}