{"id":30,"date":"2023-01-18T16:08:42","date_gmt":"2023-01-18T15:08:42","guid":{"rendered":"https:\/\/krystian-surowiec.profesjonalnyprogramista.pl\/?page_id=30"},"modified":"2023-08-02T16:32:41","modified_gmt":"2023-08-02T14:32:41","slug":"florian","status":"publish","type":"page","link":"https:\/\/krystian-surowiec.profesjonalnyprogramista.pl\/?page_id=30","title":{"rendered":"Florian"},"content":{"rendered":"\n<p class=\"has-text-align-center\">Aplikacj\u0119 <a href=\"https:\/\/florian-straz.pl\/\" data-type=\"URL\" data-id=\"https:\/\/florian-straz.pl\/\">Florian<\/a> napisa\u0142em w technologii: PHP, JavaScript, HTML, CSS, MySQL, Twig, Composer. Do budowy aplikacji napisa\u0142em framework oparty o wzorzec MVC. U\u017cy\u0142em r\u00f3wnie\u017c biblioteki <a href=\"https:\/\/getbootstrap.com\/\">Bootstrap<\/a> do budowy front-endu.<\/p>\n\n\n\n<p class=\"has-text-align-center\">Aplikacja <a rel=\"noreferrer noopener\" href=\"https:\/\/florian-straz.pl\/\" target=\"_blank\">Florian<\/a> jest dedykowana dla Jednostek Pa\u0144stwowej Stra\u017cy Po\u017carnej. Pe\u0142ni rol\u0119 narz\u0119dzia wspomagaj\u0105cego zarz\u0105dzanie w Jednostkach Ratowniczo Ga\u015bniczych.<\/p>\n\n\n\n<p class=\"has-text-align-center\">Jej g\u0142\u00f3wn\u0105 funkcjonalno\u015bci\u0105 jest weryfikacja wyposa\u017cenia znajduj\u0105cego si\u0119 w samochodach po\u017carniczych. Mo\u017cliwo\u015b\u0107 dodania nowego sprz\u0119tu oraz konfiguracji danych dotycz\u0105cych funkcjonariuszy znajduje si\u0119 w dziale &#8222;Ustawienia&#8221;.<\/p>\n\n\n\n<p class=\"has-text-align-center\">Kolejn\u0105 funkcjonalno\u015bci\u0105 jest dost\u0119p do grafik\u00f3w s\u0142u\u017cb zamieszczonych w dysku Google. Wprowadzone zmiany w grafiku przez dow\u00f3dztwo, aktualizuj\u0105 si\u0119 automatycznie w aplikacji, przez co ka\u017cdy funkcjonariusz jest na bie\u017c\u0105co ze wszystkimi zmianami.<\/p>\n\n\n\n<p class=\"has-text-align-center\">Dodatkowym atutem jest dost\u0119p do najnowszych skrypt\u00f3w zatwierdzonych przez Komend\u0119 G\u0142\u00f3wn\u0105 Pa\u0144stwowej Stra\u017cy Po\u017carnej.<\/p>\n\n\n\n<p class=\"has-text-align-center\">Aplikacja internetowa<a href=\"http:\/\/www.florian-straz.pl\" data-type=\"URL\" data-id=\"www.florian-straz.pl\"> www.florian-straz.pl<\/a> pomy\u015blnie przesz\u0142a testy w Jednostce Ratowniczo-Ga\u015bniczej <br>nr. 3 w Ustce.<\/p>\n\n\n\n<p class=\"has-text-align-center\">O Aplikacji powsta\u0142 artyku\u0142 w miesi\u0119czniku <a href=\"https:\/\/www.ppoz.pl\/pliki\/194\" data-type=\"URL\" data-id=\"https:\/\/www.ppoz.pl\/pliki\/194\">Przegl\u0105d Po\u017carniczy<\/a> (str. 52) wydany przez Komend\u0119 G\u0142\u00f3wn\u0105 Pa\u0144stwowej Stra\u017cy Po\u017carnej. <\/p>\n\n\n\n<p><a href=\"https:\/\/github.com\/Krystian1994\/florian-straz-mvc\" data-type=\"URL\" data-id=\"https:\/\/github.com\/Krystian1994\/florian-straz-mvc\">Link do repozytorium na Github.<\/a><\/p>\n\n\n\n<p class=\"has-text-align-left\">Poni\u017cszy film przedstawia dzia\u0142anie aplikacji.<\/p>\n\n\n\n<figure class=\"wp-block-video\"><video height=\"720\" style=\"aspect-ratio: 1280 \/ 720;\" width=\"1280\" controls src=\"https:\/\/krystian-surowiec.profesjonalnyprogramista.pl\/wp-content\/uploads\/2023\/02\/Flashback-lut-1-2023-10_13_22.mp4\"><\/video><\/figure>\n\n\n\n<p>Po wi\u0119cej informacji zapraszam do kontaktu.<\/p>\n","protected":false},"excerpt":{"rendered":"<p>Aplikacj\u0119 Florian napisa\u0142em w technologii: PHP, JavaScript, HTML, CSS, MySQL, Twig, Composer. Do budowy aplikacji napisa\u0142em framework oparty o wzorzec MVC. U\u017cy\u0142em r\u00f3wnie\u017c biblioteki Bootstrap do budowy front-endu. Aplikacja Florian jest dedykowana dla Jednostek Pa\u0144stwowej Stra\u017cy Po\u017carnej. Pe\u0142ni rol\u0119 narz\u0119dzia wspomagaj\u0105cego zarz\u0105dzanie w Jednostkach Ratowniczo Ga\u015bniczych. Jej g\u0142\u00f3wn\u0105 funkcjonalno\u015bci\u0105 jest weryfikacja wyposa\u017cenia znajduj\u0105cego si\u0119 w &hellip; <\/p>\n<p class=\"link-more\"><a href=\"https:\/\/krystian-surowiec.profesjonalnyprogramista.pl\/?page_id=30\" class=\"more-link\">Read more<span class=\"screen-reader-text\"> &#8222;Florian&#8221;<\/span><\/a><\/p>\n","protected":false},"author":1,"featured_media":0,"parent":0,"menu_order":0,"comment_status":"closed","ping_status":"closed","template":"","meta":{"footnotes":""},"class_list":["post-30","page","type-page","status-publish","hentry"],"_links":{"self":[{"href":"https:\/\/krystian-surowiec.profesjonalnyprogramista.pl\/index.php?rest_route=\/wp\/v2\/pages\/30","targetHints":{"allow":["GET"]}}],"collection":[{"href":"https:\/\/krystian-surowiec.profesjonalnyprogramista.pl\/index.php?rest_route=\/wp\/v2\/pages"}],"about":[{"href":"https:\/\/krystian-surowiec.profesjonalnyprogramista.pl\/index.php?rest_route=\/wp\/v2\/types\/page"}],"author":[{"embeddable":true,"href":"https:\/\/krystian-surowiec.profesjonalnyprogramista.pl\/index.php?rest_route=\/wp\/v2\/users\/1"}],"replies":[{"embeddable":true,"href":"https:\/\/krystian-surowiec.profesjonalnyprogramista.pl\/index.php?rest_route=%2Fwp%2Fv2%2Fcomments&post=30"}],"version-history":[{"count":11,"href":"https:\/\/krystian-surowiec.profesjonalnyprogramista.pl\/index.php?rest_route=\/wp\/v2\/pages\/30\/revisions"}],"predecessor-version":[{"id":181,"href":"https:\/\/krystian-surowiec.profesjonalnyprogramista.pl\/index.php?rest_route=\/wp\/v2\/pages\/30\/revisions\/181"}],"wp:attachment":[{"href":"https:\/\/krystian-surowiec.profesjonalnyprogramista.pl\/index.php?rest_route=%2Fwp%2Fv2%2Fmedia&parent=30"}],"curies":[{"name":"wp","href":"https:\/\/api.w.org\/{rel}","templated":true}]}}