{"id":3,"date":"2023-01-06T17:04:38","date_gmt":"2023-01-06T16:04:38","guid":{"rendered":"http:\/\/krystian-surowiec.profesjonalnyprogramista.pl\/?page_id=3"},"modified":"2023-01-18T16:57:05","modified_gmt":"2023-01-18T15:57:05","slug":"polityka-prywatnosci","status":"publish","type":"page","link":"https:\/\/krystian-surowiec.profesjonalnyprogramista.pl\/?page_id=3","title":{"rendered":"Polityka prywatno\u015bci"},"content":{"rendered":"\n<h2 class=\"wp-block-heading\">Kim jeste\u015bmy<\/h2>\n\n\n\n<p>Junior Developer Krystian Surowiec<\/p>\n\n\n\n<p>Adres mojej strony internetowej to: https:\/\/krystian-surowiec.profesjonalnyprogramista.pl<\/p>\n\n\n\n<h2 class=\"wp-block-heading\">Osadzone tre\u015bci z innych witryn<\/h2>\n\n\n\n<p>Artyku\u0142y na tej witrynie mog\u0105 zawiera\u0107 osadzone tre\u015bci (np. filmy, obrazki, artyku\u0142y itp.). Osadzone tre\u015bci z innych witryn zachowuj\u0105 si\u0119 analogicznie do tego, jakby u\u017cytkownik odwiedzi\u0142 bezpo\u015brednio konkretn\u0105 witryn\u0119.<\/p>\n\n\n\n<p>Witryny mog\u0105 zbiera\u0107 informacje o tobie, u\u017cywa\u0107 ciasteczek, do\u0142\u0105cza\u0107 dodatkowe, zewn\u0119trzne systemy \u015bledzenia i monitorowa\u0107 twoje interakcje z osadzonym materia\u0142em, w\u0142\u0105czaj\u0105c w to \u015bledzenie twoich interakcji z osadzonym materia\u0142em je\u015bli posiadasz konto i jeste\u015b zalogowany w tamtej witrynie.<\/p>\n","protected":false},"excerpt":{"rendered":"<p>Kim jeste\u015bmy Junior Developer Krystian Surowiec Adres mojej strony internetowej to: https:\/\/krystian-surowiec.profesjonalnyprogramista.pl Osadzone tre\u015bci z innych witryn Artyku\u0142y na tej witrynie mog\u0105 zawiera\u0107 osadzone tre\u015bci (np. filmy, obrazki, artyku\u0142y itp.). Osadzone tre\u015bci z innych witryn zachowuj\u0105 si\u0119 analogicznie do tego, jakby u\u017cytkownik odwiedzi\u0142 bezpo\u015brednio konkretn\u0105 witryn\u0119. Witryny mog\u0105 zbiera\u0107 informacje o tobie, u\u017cywa\u0107 ciasteczek, do\u0142\u0105cza\u0107 &hellip; <\/p>\n<p class=\"link-more\"><a href=\"https:\/\/krystian-surowiec.profesjonalnyprogramista.pl\/?page_id=3\" class=\"more-link\">Read more<span class=\"screen-reader-text\"> &#8222;Polityka prywatno\u015bci&#8221;<\/span><\/a><\/p>\n","protected":false},"author":1,"featured_media":0,"parent":0,"menu_order":0,"comment_status":"closed","ping_status":"open","template":"","meta":{"footnotes":""},"class_list":["post-3","page","type-page","status-publish","hentry"],"_links":{"self":[{"href":"https:\/\/krystian-surowiec.profesjonalnyprogramista.pl\/index.php?rest_route=\/wp\/v2\/pages\/3","targetHints":{"allow":["GET"]}}],"collection":[{"href":"https:\/\/krystian-surowiec.profesjonalnyprogramista.pl\/index.php?rest_route=\/wp\/v2\/pages"}],"about":[{"href":"https:\/\/krystian-surowiec.profesjonalnyprogramista.pl\/index.php?rest_route=\/wp\/v2\/types\/page"}],"author":[{"embeddable":true,"href":"https:\/\/krystian-surowiec.profesjonalnyprogramista.pl\/index.php?rest_route=\/wp\/v2\/users\/1"}],"replies":[{"embeddable":true,"href":"https:\/\/krystian-surowiec.profesjonalnyprogramista.pl\/index.php?rest_route=%2Fwp%2Fv2%2Fcomments&post=3"}],"version-history":[{"count":2,"href":"https:\/\/krystian-surowiec.profesjonalnyprogramista.pl\/index.php?rest_route=\/wp\/v2\/pages\/3\/revisions"}],"predecessor-version":[{"id":41,"href":"https:\/\/krystian-surowiec.profesjonalnyprogramista.pl\/index.php?rest_route=\/wp\/v2\/pages\/3\/revisions\/41"}],"wp:attachment":[{"href":"https:\/\/krystian-surowiec.profesjonalnyprogramista.pl\/index.php?rest_route=%2Fwp%2Fv2%2Fmedia&parent=3"}],"curies":[{"name":"wp","href":"https:\/\/api.w.org\/{rel}","templated":true}]}}