{"id":29,"date":"2023-01-18T16:08:42","date_gmt":"2023-01-18T15:08:42","guid":{"rendered":"https:\/\/krystian-surowiec.profesjonalnyprogramista.pl\/?page_id=29"},"modified":"2023-08-02T16:31:14","modified_gmt":"2023-08-02T14:31:14","slug":"budzet-osobisty","status":"publish","type":"page","link":"https:\/\/krystian-surowiec.profesjonalnyprogramista.pl\/?page_id=29","title":{"rendered":"Bud\u017cet Osobisty"},"content":{"rendered":"\n<p class=\"has-text-align-center\">Aplikacj\u0119 <a rel=\"noreferrer noopener\" href=\"https:\/\/budget.krystian-surowiec.profesjonalnyprogramista.pl\/\" target=\"_blank\">Personal Budget<\/a>, napisa\u0142em do kontrolowania bud\u017cetu osobistego. <\/p>\n\n\n\n<p class=\"has-text-align-center\">Aplikacj\u0119 napisa\u0142em na frameworku stworzonym od postaw, opartym o wzorzec MVC. <\/p>\n\n\n\n<p class=\"has-text-align-center\">Technologie, kt\u00f3re wykorzysta\u0142em w budowie aplikacji: PHP, MySQL, JavaScript, AJAX, HTML, CSS, Twig, Composer.<\/p>\n\n\n\n<p class=\"has-text-align-center\">Do budowy front endu wykorzysta\u0142em bibliotek\u0119 <a rel=\"noreferrer noopener\" href=\"https:\/\/getbootstrap.com\/\" target=\"_blank\">Bootstrap<\/a>.<\/p>\n\n\n\n<p><a href=\"https:\/\/github.com\/Krystian1994\/personal-budget-mvc\" data-type=\"URL\" data-id=\"https:\/\/github.com\/Krystian1994\/personal-budget-mvc\">Link do repozytorium Github.<\/a><\/p>\n\n\n\n<p>Prezentacj\u0119 aplikacji przedstawia poni\u017cszy film.<\/p>\n\n\n\n<figure class=\"wp-block-video\"><video height=\"720\" style=\"aspect-ratio: 1280 \/ 720;\" width=\"1280\" controls src=\"https:\/\/krystian-surowiec.profesjonalnyprogramista.pl\/wp-content\/uploads\/2023\/01\/prezentacja-budzet-osobisty.mp4\"><\/video><figcaption class=\"wp-element-caption\">Bud\u017cet Osobisty<\/figcaption><\/figure>\n\n\n\n<p>Po wi\u0119cej informacji zapraszam do kontaktu.<\/p>\n","protected":false},"excerpt":{"rendered":"<p>Aplikacj\u0119 Personal Budget, napisa\u0142em do kontrolowania bud\u017cetu osobistego. Aplikacj\u0119 napisa\u0142em na frameworku stworzonym od postaw, opartym o wzorzec MVC. Technologie, kt\u00f3re wykorzysta\u0142em w budowie aplikacji: PHP, MySQL, JavaScript, AJAX, HTML, CSS, Twig, Composer. Do budowy front endu wykorzysta\u0142em bibliotek\u0119 Bootstrap. Link do repozytorium Github. Prezentacj\u0119 aplikacji przedstawia poni\u017cszy film. Po wi\u0119cej informacji zapraszam do kontaktu.<\/p>\n","protected":false},"author":1,"featured_media":0,"parent":0,"menu_order":0,"comment_status":"closed","ping_status":"closed","template":"","meta":{"footnotes":""},"class_list":["post-29","page","type-page","status-publish","hentry"],"_links":{"self":[{"href":"https:\/\/krystian-surowiec.profesjonalnyprogramista.pl\/index.php?rest_route=\/wp\/v2\/pages\/29","targetHints":{"allow":["GET"]}}],"collection":[{"href":"https:\/\/krystian-surowiec.profesjonalnyprogramista.pl\/index.php?rest_route=\/wp\/v2\/pages"}],"about":[{"href":"https:\/\/krystian-surowiec.profesjonalnyprogramista.pl\/index.php?rest_route=\/wp\/v2\/types\/page"}],"author":[{"embeddable":true,"href":"https:\/\/krystian-surowiec.profesjonalnyprogramista.pl\/index.php?rest_route=\/wp\/v2\/users\/1"}],"replies":[{"embeddable":true,"href":"https:\/\/krystian-surowiec.profesjonalnyprogramista.pl\/index.php?rest_route=%2Fwp%2Fv2%2Fcomments&post=29"}],"version-history":[{"count":10,"href":"https:\/\/krystian-surowiec.profesjonalnyprogramista.pl\/index.php?rest_route=\/wp\/v2\/pages\/29\/revisions"}],"predecessor-version":[{"id":180,"href":"https:\/\/krystian-surowiec.profesjonalnyprogramista.pl\/index.php?rest_route=\/wp\/v2\/pages\/29\/revisions\/180"}],"wp:attachment":[{"href":"https:\/\/krystian-surowiec.profesjonalnyprogramista.pl\/index.php?rest_route=%2Fwp%2Fv2%2Fmedia&parent=29"}],"curies":[{"name":"wp","href":"https:\/\/api.w.org\/{rel}","templated":true}]}}